{"id":1356,"date":"2022-11-10T18:18:38","date_gmt":"2022-11-10T18:18:38","guid":{"rendered":"https:\/\/eatlocalnb.ca\/?page_id=1356"},"modified":"2022-11-10T18:18:40","modified_gmt":"2022-11-10T18:18:40","slug":"a-propos-de-nous","status":"publish","type":"page","link":"https:\/\/eatlocalnb.ca\/fr\/a-propos-de-nous\/","title":{"rendered":"\u00c0 propos de nous"},"content":{"rendered":"\n<p>MangezLocalNB.ca est g\u00e9r\u00e9 par le minist\u00e8re de l&rsquo;Agriculture, de l&rsquo;Aquaculture et des P\u00eaches du Nouveau-Brunswick. Il soutient le pilier \u00ab\u00a0Achetez NB\u00a0\u00bb de <a href=\"https:\/\/www2.gnb.ca\/content\/gnb\/fr\/ministeres\/10\/boissons-et-aliments-nb.html\">la Strat\u00e9gie sur les boissons et les aliments locaux 2021 \u00e0 2025<\/a>, qui font conna\u00eetre les aliments et les boissons locaux du Nouveau-Brunswick, en augmentent la demande et confirment leur bonne r\u00e9putation par la campagne #AchetezLocalpourdubon et les canaux de m\u00e9dias sociaux d&rsquo;Aliments et Boissons NB.<\/p>\n\n\n\n<div class=\"wp-block-columns is-layout-flex wp-container-core-columns-is-layout-28f84493 wp-block-columns-is-layout-flex\">\n<div class=\"wp-block-column is-layout-flow wp-block-column-is-layout-flow\"><\/div>\n\n\n\n<div class=\"wp-block-column is-layout-flow wp-block-column-is-layout-flow\">\n<figure class=\"wp-block-image size-full\"><a href=\"https:\/\/www.facebook.com\/AlimentsBoissonsNB\/\" target=\"_blank\" rel=\"noreferrer noopener\"><img loading=\"lazy\" decoding=\"async\" width=\"750\" height=\"167\" src=\"https:\/\/eatlocalnb.ca\/wp-content\/uploads\/2022\/07\/Facebook-1.jpg\" alt=\"\" class=\"wp-image-1143\" srcset=\"https:\/\/eatlocalnb.ca\/wp-content\/uploads\/2022\/07\/Facebook-1.jpg 750w, https:\/\/eatlocalnb.ca\/wp-content\/uploads\/2022\/07\/Facebook-1-300x67.jpg 300w, https:\/\/eatlocalnb.ca\/wp-content\/uploads\/2022\/07\/Facebook-1-150x33.jpg 150w\" sizes=\"auto, (max-width: 750px) 100vw, 750px\" \/><\/a><\/figure>\n\n\n\n<figure class=\"wp-block-image size-full\"><a href=\"https:\/\/www.instagram.com\/alimentsboissonsNB\/\" target=\"_blank\" rel=\"noreferrer noopener\"><img loading=\"lazy\" decoding=\"async\" width=\"750\" height=\"167\" src=\"https:\/\/eatlocalnb.ca\/wp-content\/uploads\/2022\/07\/Instagram.jpg\" alt=\"\" class=\"wp-image-1145\" srcset=\"https:\/\/eatlocalnb.ca\/wp-content\/uploads\/2022\/07\/Instagram.jpg 750w, https:\/\/eatlocalnb.ca\/wp-content\/uploads\/2022\/07\/Instagram-300x67.jpg 300w, https:\/\/eatlocalnb.ca\/wp-content\/uploads\/2022\/07\/Instagram-150x33.jpg 150w\" sizes=\"auto, (max-width: 750px) 100vw, 750px\" \/><\/a><\/figure>\n\n\n\n<figure class=\"wp-block-image size-full\"><a href=\"https:\/\/twitter.com\/AlimentsNB\" target=\"_blank\" rel=\"noreferrer noopener\"><img loading=\"lazy\" decoding=\"async\" width=\"750\" height=\"167\" src=\"https:\/\/eatlocalnb.ca\/wp-content\/uploads\/2022\/07\/Twitter-1.jpg\" alt=\"\" class=\"wp-image-1149\" srcset=\"https:\/\/eatlocalnb.ca\/wp-content\/uploads\/2022\/07\/Twitter-1.jpg 750w, https:\/\/eatlocalnb.ca\/wp-content\/uploads\/2022\/07\/Twitter-1-300x67.jpg 300w, https:\/\/eatlocalnb.ca\/wp-content\/uploads\/2022\/07\/Twitter-1-150x33.jpg 150w\" sizes=\"auto, (max-width: 750px) 100vw, 750px\" \/><\/a><\/figure>\n\n\n\n<figure class=\"wp-block-image size-full\"><a href=\"https:\/\/www.youtube.com\/channel\/UCM_LKYNluG6jYeTd4fWIEwg\/videos\" target=\"_blank\" rel=\"noreferrer noopener\"><img loading=\"lazy\" decoding=\"async\" width=\"750\" height=\"167\" src=\"https:\/\/eatlocalnb.ca\/wp-content\/uploads\/2022\/07\/YouTube-1.jpg\" alt=\"\" class=\"wp-image-1151\" srcset=\"https:\/\/eatlocalnb.ca\/wp-content\/uploads\/2022\/07\/YouTube-1.jpg 750w, https:\/\/eatlocalnb.ca\/wp-content\/uploads\/2022\/07\/YouTube-1-300x67.jpg 300w, https:\/\/eatlocalnb.ca\/wp-content\/uploads\/2022\/07\/YouTube-1-150x33.jpg 150w\" sizes=\"auto, (max-width: 750px) 100vw, 750px\" \/><\/a><\/figure>\n\n\n\n<figure class=\"wp-block-image size-full\"><a href=\"https:\/\/www.linkedin.com\/company\/nbfoodandbeverages\" target=\"_blank\" rel=\"noreferrer noopener\"><img loading=\"lazy\" decoding=\"async\" width=\"750\" height=\"167\" src=\"https:\/\/eatlocalnb.ca\/wp-content\/uploads\/2022\/07\/Linkedin-1.jpg\" alt=\"\" class=\"wp-image-1147\" srcset=\"https:\/\/eatlocalnb.ca\/wp-content\/uploads\/2022\/07\/Linkedin-1.jpg 750w, https:\/\/eatlocalnb.ca\/wp-content\/uploads\/2022\/07\/Linkedin-1-300x67.jpg 300w, https:\/\/eatlocalnb.ca\/wp-content\/uploads\/2022\/07\/Linkedin-1-150x33.jpg 150w\" sizes=\"auto, (max-width: 750px) 100vw, 750px\" \/><\/a><\/figure>\n<\/div>\n\n\n\n<div class=\"wp-block-column is-layout-flow wp-block-column-is-layout-flow\"><\/div>\n<\/div>\n","protected":false},"excerpt":{"rendered":"<p>MangezLocalNB.ca est g\u00e9r\u00e9 par le minist\u00e8re de l&rsquo;Agriculture, de l&rsquo;Aquaculture et des P\u00eaches du Nouveau-Brunswick. Il soutient le pilier \u00ab\u00a0Achetez NB\u00a0\u00bb de la Strat\u00e9gie sur les boissons et les aliments locaux 2021 \u00e0 2025, qui font conna\u00eetre les aliments et les boissons locaux du Nouveau-Brunswick, en augmentent la demande et confirment leur bonne r\u00e9putation par [&hellip;]<\/p>\n","protected":false},"author":2,"featured_media":1722,"parent":0,"menu_order":0,"comment_status":"closed","ping_status":"closed","template":"","meta":{"_acf_changed":false,"wprm-recipe-roundup-name":"","wprm-recipe-roundup-description":"","footnotes":""},"class_list":["post-1356","page","type-page","status-publish","has-post-thumbnail","hentry"],"acf":[],"yoast_head":"<!-- This site is optimized with the Yoast SEO plugin v26.6 - https:\/\/yoast.com\/wordpress\/plugins\/seo\/ -->\n<title>\u00c0 propos de nous &#8211; EatLocalNB<\/title>\n<meta name=\"description\" content=\"Around here, eating well means eating local. Our chefs, growers and artisanal producers express our unique terroir and culture in deliciously distinctive food and drinks. From our farmers\u2019 markets and roadside stands to award-winning restaurants, get a taste of New Brunswick.\" \/>\n<meta name=\"robots\" content=\"index, follow, max-snippet:-1, max-image-preview:large, max-video-preview:-1\" \/>\n<link rel=\"canonical\" href=\"https:\/\/eatlocalnb.ca\/fr\/a-propos-de-nous\/\" \/>\n<meta property=\"og:locale\" content=\"fr_FR\" \/>\n<meta property=\"og:type\" content=\"article\" \/>\n<meta property=\"og:title\" content=\"\u00c0 propos de nous &#8211; EatLocalNB\" \/>\n<meta property=\"og:description\" content=\"Around here, eating well means eating local. Our chefs, growers and artisanal producers express our unique terroir and culture in deliciously distinctive food and drinks. From our farmers\u2019 markets and roadside stands to award-winning restaurants, get a taste of New Brunswick.\" \/>\n<meta property=\"og:url\" content=\"https:\/\/eatlocalnb.ca\/fr\/a-propos-de-nous\/\" \/>\n<meta property=\"og:site_name\" content=\"EatLocalNB\" \/>\n<meta property=\"article:publisher\" content=\"https:\/\/www.facebook.com\/nbfoodandbeverages\" \/>\n<meta property=\"article:modified_time\" content=\"2022-11-10T18:18:40+00:00\" \/>\n<meta property=\"og:image\" content=\"https:\/\/eatlocalnb.ca\/wp-content\/uploads\/2022\/07\/Facebook-1.jpg\" \/>\n<meta name=\"twitter:card\" content=\"summary_large_image\" \/>\n<meta name=\"twitter:site\" content=\"@NBFoodandBev\" \/>\n<meta name=\"twitter:label1\" content=\"Dur\u00e9e de lecture estim\u00e9e\" \/>\n\t<meta name=\"twitter:data1\" content=\"2 minutes\" \/>\n<script type=\"application\/ld+json\" class=\"yoast-schema-graph\">{\"@context\":\"https:\/\/schema.org\",\"@graph\":[{\"@type\":\"WebPage\",\"@id\":\"https:\/\/eatlocalnb.ca\/fr\/a-propos-de-nous\/\",\"url\":\"https:\/\/eatlocalnb.ca\/fr\/a-propos-de-nous\/\",\"name\":\"\u00c0 propos de nous &#8211; EatLocalNB\",\"isPartOf\":{\"@id\":\"https:\/\/eatlocalnb.ca\/#website\"},\"primaryImageOfPage\":{\"@id\":\"https:\/\/eatlocalnb.ca\/fr\/a-propos-de-nous\/#primaryimage\"},\"image\":{\"@id\":\"https:\/\/eatlocalnb.ca\/fr\/a-propos-de-nous\/#primaryimage\"},\"thumbnailUrl\":\"https:\/\/eatlocalnb.ca\/wp-content\/uploads\/2023\/01\/lobster_2-119-scaled.jpg\",\"datePublished\":\"2022-11-10T18:18:38+00:00\",\"dateModified\":\"2022-11-10T18:18:40+00:00\",\"description\":\"Around here, eating well means eating local. Our chefs, growers and artisanal producers express our unique terroir and culture in deliciously distinctive food and drinks. From our farmers\u2019 markets and roadside stands to award-winning restaurants, get a taste of New Brunswick.\",\"breadcrumb\":{\"@id\":\"https:\/\/eatlocalnb.ca\/fr\/a-propos-de-nous\/#breadcrumb\"},\"inLanguage\":\"fr-FR\",\"potentialAction\":[{\"@type\":\"ReadAction\",\"target\":[\"https:\/\/eatlocalnb.ca\/fr\/a-propos-de-nous\/\"]}]},{\"@type\":\"ImageObject\",\"inLanguage\":\"fr-FR\",\"@id\":\"https:\/\/eatlocalnb.ca\/fr\/a-propos-de-nous\/#primaryimage\",\"url\":\"https:\/\/eatlocalnb.ca\/wp-content\/uploads\/2023\/01\/lobster_2-119-scaled.jpg\",\"contentUrl\":\"https:\/\/eatlocalnb.ca\/wp-content\/uploads\/2023\/01\/lobster_2-119-scaled.jpg\",\"width\":2048,\"height\":1366},{\"@type\":\"BreadcrumbList\",\"@id\":\"https:\/\/eatlocalnb.ca\/fr\/a-propos-de-nous\/#breadcrumb\",\"itemListElement\":[{\"@type\":\"ListItem\",\"position\":1,\"name\":\"Home\",\"item\":\"https:\/\/eatlocalnb.ca\/fr\/\"},{\"@type\":\"ListItem\",\"position\":2,\"name\":\"\u00c0 propos de nous\"}]},{\"@type\":\"WebSite\",\"@id\":\"https:\/\/eatlocalnb.ca\/#website\",\"url\":\"https:\/\/eatlocalnb.ca\/\",\"name\":\"EatLocalNB\",\"description\":\"Buy Local for Good | Achetez local pour bon\",\"publisher\":{\"@id\":\"https:\/\/eatlocalnb.ca\/#organization\"},\"potentialAction\":[{\"@type\":\"SearchAction\",\"target\":{\"@type\":\"EntryPoint\",\"urlTemplate\":\"https:\/\/eatlocalnb.ca\/?s={search_term_string}\"},\"query-input\":{\"@type\":\"PropertyValueSpecification\",\"valueRequired\":true,\"valueName\":\"search_term_string\"}}],\"inLanguage\":\"fr-FR\"},{\"@type\":\"Organization\",\"@id\":\"https:\/\/eatlocalnb.ca\/#organization\",\"name\":\"Eat Local NB\",\"url\":\"https:\/\/eatlocalnb.ca\/\",\"logo\":{\"@type\":\"ImageObject\",\"inLanguage\":\"fr-FR\",\"@id\":\"https:\/\/eatlocalnb.ca\/#\/schema\/logo\/image\/\",\"url\":\"https:\/\/eatlocalnb.ca\/wp-content\/uploads\/2022\/05\/logo.png\",\"contentUrl\":\"https:\/\/eatlocalnb.ca\/wp-content\/uploads\/2022\/05\/logo.png\",\"width\":1300,\"height\":499,\"caption\":\"Eat Local NB\"},\"image\":{\"@id\":\"https:\/\/eatlocalnb.ca\/#\/schema\/logo\/image\/\"},\"sameAs\":[\"https:\/\/www.facebook.com\/nbfoodandbeverages\",\"https:\/\/x.com\/NBFoodandBev\",\"https:\/\/www.instagram.com\/nbfoodandbeverages\/\",\"https:\/\/www.youtube.com\/channel\/UCM_LKYNluG6jYeTd4fWIEwg\/videos\",\"https:\/\/www.linkedin.com\/company\/nbfoodandbeverages\"]}]}<\/script>\n<!-- \/ Yoast SEO plugin. -->","yoast_head_json":{"title":"\u00c0 propos de nous &#8211; EatLocalNB","description":"Around here, eating well means eating local. Our chefs, growers and artisanal producers express our unique terroir and culture in deliciously distinctive food and drinks. From our farmers\u2019 markets and roadside stands to award-winning restaurants, get a taste of New Brunswick.","robots":{"index":"index","follow":"follow","max-snippet":"max-snippet:-1","max-image-preview":"max-image-preview:large","max-video-preview":"max-video-preview:-1"},"canonical":"https:\/\/eatlocalnb.ca\/fr\/a-propos-de-nous\/","og_locale":"fr_FR","og_type":"article","og_title":"\u00c0 propos de nous &#8211; EatLocalNB","og_description":"Around here, eating well means eating local. Our chefs, growers and artisanal producers express our unique terroir and culture in deliciously distinctive food and drinks. From our farmers\u2019 markets and roadside stands to award-winning restaurants, get a taste of New Brunswick.","og_url":"https:\/\/eatlocalnb.ca\/fr\/a-propos-de-nous\/","og_site_name":"EatLocalNB","article_publisher":"https:\/\/www.facebook.com\/nbfoodandbeverages","article_modified_time":"2022-11-10T18:18:40+00:00","og_image":[{"url":"https:\/\/eatlocalnb.ca\/wp-content\/uploads\/2022\/07\/Facebook-1.jpg","type":"","width":"","height":""}],"twitter_card":"summary_large_image","twitter_site":"@NBFoodandBev","twitter_misc":{"Dur\u00e9e de lecture estim\u00e9e":"2 minutes"},"schema":{"@context":"https:\/\/schema.org","@graph":[{"@type":"WebPage","@id":"https:\/\/eatlocalnb.ca\/fr\/a-propos-de-nous\/","url":"https:\/\/eatlocalnb.ca\/fr\/a-propos-de-nous\/","name":"\u00c0 propos de nous &#8211; EatLocalNB","isPartOf":{"@id":"https:\/\/eatlocalnb.ca\/#website"},"primaryImageOfPage":{"@id":"https:\/\/eatlocalnb.ca\/fr\/a-propos-de-nous\/#primaryimage"},"image":{"@id":"https:\/\/eatlocalnb.ca\/fr\/a-propos-de-nous\/#primaryimage"},"thumbnailUrl":"https:\/\/eatlocalnb.ca\/wp-content\/uploads\/2023\/01\/lobster_2-119-scaled.jpg","datePublished":"2022-11-10T18:18:38+00:00","dateModified":"2022-11-10T18:18:40+00:00","description":"Around here, eating well means eating local. Our chefs, growers and artisanal producers express our unique terroir and culture in deliciously distinctive food and drinks. From our farmers\u2019 markets and roadside stands to award-winning restaurants, get a taste of New Brunswick.","breadcrumb":{"@id":"https:\/\/eatlocalnb.ca\/fr\/a-propos-de-nous\/#breadcrumb"},"inLanguage":"fr-FR","potentialAction":[{"@type":"ReadAction","target":["https:\/\/eatlocalnb.ca\/fr\/a-propos-de-nous\/"]}]},{"@type":"ImageObject","inLanguage":"fr-FR","@id":"https:\/\/eatlocalnb.ca\/fr\/a-propos-de-nous\/#primaryimage","url":"https:\/\/eatlocalnb.ca\/wp-content\/uploads\/2023\/01\/lobster_2-119-scaled.jpg","contentUrl":"https:\/\/eatlocalnb.ca\/wp-content\/uploads\/2023\/01\/lobster_2-119-scaled.jpg","width":2048,"height":1366},{"@type":"BreadcrumbList","@id":"https:\/\/eatlocalnb.ca\/fr\/a-propos-de-nous\/#breadcrumb","itemListElement":[{"@type":"ListItem","position":1,"name":"Home","item":"https:\/\/eatlocalnb.ca\/fr\/"},{"@type":"ListItem","position":2,"name":"\u00c0 propos de nous"}]},{"@type":"WebSite","@id":"https:\/\/eatlocalnb.ca\/#website","url":"https:\/\/eatlocalnb.ca\/","name":"EatLocalNB","description":"Buy Local for Good | Achetez local pour bon","publisher":{"@id":"https:\/\/eatlocalnb.ca\/#organization"},"potentialAction":[{"@type":"SearchAction","target":{"@type":"EntryPoint","urlTemplate":"https:\/\/eatlocalnb.ca\/?s={search_term_string}"},"query-input":{"@type":"PropertyValueSpecification","valueRequired":true,"valueName":"search_term_string"}}],"inLanguage":"fr-FR"},{"@type":"Organization","@id":"https:\/\/eatlocalnb.ca\/#organization","name":"Eat Local NB","url":"https:\/\/eatlocalnb.ca\/","logo":{"@type":"ImageObject","inLanguage":"fr-FR","@id":"https:\/\/eatlocalnb.ca\/#\/schema\/logo\/image\/","url":"https:\/\/eatlocalnb.ca\/wp-content\/uploads\/2022\/05\/logo.png","contentUrl":"https:\/\/eatlocalnb.ca\/wp-content\/uploads\/2022\/05\/logo.png","width":1300,"height":499,"caption":"Eat Local NB"},"image":{"@id":"https:\/\/eatlocalnb.ca\/#\/schema\/logo\/image\/"},"sameAs":["https:\/\/www.facebook.com\/nbfoodandbeverages","https:\/\/x.com\/NBFoodandBev","https:\/\/www.instagram.com\/nbfoodandbeverages\/","https:\/\/www.youtube.com\/channel\/UCM_LKYNluG6jYeTd4fWIEwg\/videos","https:\/\/www.linkedin.com\/company\/nbfoodandbeverages"]}]}},"_links":{"self":[{"href":"https:\/\/eatlocalnb.ca\/fr\/wp-json\/wp\/v2\/pages\/1356","targetHints":{"allow":["GET"]}}],"collection":[{"href":"https:\/\/eatlocalnb.ca\/fr\/wp-json\/wp\/v2\/pages"}],"about":[{"href":"https:\/\/eatlocalnb.ca\/fr\/wp-json\/wp\/v2\/types\/page"}],"author":[{"embeddable":true,"href":"https:\/\/eatlocalnb.ca\/fr\/wp-json\/wp\/v2\/users\/2"}],"replies":[{"embeddable":true,"href":"https:\/\/eatlocalnb.ca\/fr\/wp-json\/wp\/v2\/comments?post=1356"}],"version-history":[{"count":3,"href":"https:\/\/eatlocalnb.ca\/fr\/wp-json\/wp\/v2\/pages\/1356\/revisions"}],"predecessor-version":[{"id":1359,"href":"https:\/\/eatlocalnb.ca\/fr\/wp-json\/wp\/v2\/pages\/1356\/revisions\/1359"}],"wp:featuredmedia":[{"embeddable":true,"href":"https:\/\/eatlocalnb.ca\/fr\/wp-json\/wp\/v2\/media\/1722"}],"wp:attachment":[{"href":"https:\/\/eatlocalnb.ca\/fr\/wp-json\/wp\/v2\/media?parent=1356"}],"curies":[{"name":"wp","href":"https:\/\/api.w.org\/{rel}","templated":true}]}}