{"id":3381,"date":"2026-02-09T16:29:20","date_gmt":"2026-02-09T20:29:20","guid":{"rendered":"https:\/\/eatlocalnb.ca\/?page_id=3381"},"modified":"2026-02-12T17:21:18","modified_gmt":"2026-02-12T21:21:18","slug":"produits-de-la-mer","status":"publish","type":"page","link":"https:\/\/eatlocalnb.ca\/fr\/produits-de-la-mer\/","title":{"rendered":"Produits de la mer du N.-B."},"content":{"rendered":"\n<p>Les produits de la mer font partie du quotidien au Nouveau-Brunswick. R\u00e9colt\u00e9s dans les eaux froides de l\u2019Atlantique, ils s\u2019invitent sur les tables de cuisine de la province autour desquelles les gens partagent un bon repas.<\/p>\n\n\n\n<p>Des hu\u00eetres sur glace. Une chaudr\u00e9e \u00e0 l\u2019aiglefin. Des gu\u00e9dilles servies au chalet. Des p\u00e9toncles saisis rapidement \u00e0 la po\u00eale. Des \u00e9perlans servis lors d\u2019un repas de poisson en famille.<\/p>\n\n\n\n<p>De nombreuses personnes au Nouveau-Brunswick connaissent quelqu\u2019un qui travaille sur l\u2019eau, dans une usine de transformation ou sur le littoral. Le lien qui existe entre la baie, le bateau de p\u00eache et l\u2019assiette a une dimension personnelle.<\/p>\n\n\n\n<p>Lorsque vous choisissez les produits de la mer du Nouveau-Brunswick, vous optez pour des produits frais, savoureux, et vous soutenez les personnes et les collectivit\u00e9s qui les fournissent..<\/p>\n\n\n\n<h2 class=\"wp-block-heading has-large-font-size\"><strong>Achetez local pour de bon<\/strong><\/h2>\n\n\n\n<p>Le mouvement <strong>Achetez local pour de bon<\/strong> rappelle aux gens que leurs choix alimentaires fa\u00e7onnent le Nouveau-Brunswick \u00e0 long terme.<\/p>\n\n\n\n<p>Achetez des produits locaux signifie acheter local <strong>pour de bon<\/strong>. Il s\u2019agit de choisir des aliments qui sont bons pour vous, pour votre famille, pour l\u2019\u00e9conomie ainsi que pour l\u2019avenir des aliments dans la province.<\/p>\n\n\n\n<p>C\u2019est en achetant des produits de la mer locaux que les gens permettent de garder l\u2019argent consacr\u00e9 \u00e0 l\u2019alimentation dans les collectivit\u00e9s c\u00f4ti\u00e8res, de soutenir les producteurs et les usines de transformation, et de contribuer \u00e0 la pr\u00e9servation d\u2019un mode de vie qui d\u00e9finit le Nouveau-Brunswick depuis des g\u00e9n\u00e9rations.<\/p>\n\n\n\n<p>\u00ab&nbsp;Achetez local&nbsp;\u00bb, c\u2019est savourer dans notre assiette les aliments que notre province a \u00e0 nous offrir. Ce type d\u2019approvisionnement est ce qui fait le lien entre les personnes qui les ont r\u00e9colt\u00e9s, l\u2019endroit o\u00f9 ils l\u2019ont \u00e9t\u00e9 et la mani\u00e8re dont ils vous sont propos\u00e9s.<\/p>\n\n\n\n<p>Les produits de la mer du Nouveau-Brunswick vous offrent une mani\u00e8re simple et d\u00e9licieuse d\u2019acheter local pour de bon, que ce soit aujourd\u2019hui, demain ou dans les ann\u00e9es \u00e0 venir.<\/p>\n\n\n\n<figure class=\"wp-block-gallery has-nested-images columns-default is-cropped wp-block-gallery-1 is-layout-flex wp-block-gallery-is-layout-flex\">\n<figure class=\"wp-block-image size-large\"><img loading=\"lazy\" decoding=\"async\" width=\"1024\" height=\"683\" data-id=\"3374\" src=\"https:\/\/eatlocalnb.ca\/wp-content\/uploads\/2026\/02\/Z0A0313-1024x683.jpg\" alt=\"\" class=\"wp-image-3374\" srcset=\"https:\/\/eatlocalnb.ca\/wp-content\/uploads\/2026\/02\/Z0A0313-1024x683.jpg 1024w, https:\/\/eatlocalnb.ca\/wp-content\/uploads\/2026\/02\/Z0A0313-300x200.jpg 300w, https:\/\/eatlocalnb.ca\/wp-content\/uploads\/2026\/02\/Z0A0313-768x512.jpg 768w, https:\/\/eatlocalnb.ca\/wp-content\/uploads\/2026\/02\/Z0A0313-391x260.jpg 391w, https:\/\/eatlocalnb.ca\/wp-content\/uploads\/2026\/02\/Z0A0313-1536x1025.jpg 1536w, https:\/\/eatlocalnb.ca\/wp-content\/uploads\/2026\/02\/Z0A0313-1440x961.jpg 1440w, https:\/\/eatlocalnb.ca\/wp-content\/uploads\/2026\/02\/Z0A0313-150x100.jpg 150w, https:\/\/eatlocalnb.ca\/wp-content\/uploads\/2026\/02\/Z0A0313.jpg 1709w\" sizes=\"auto, (max-width: 1024px) 100vw, 1024px\" \/><\/figure>\n\n\n\n<figure class=\"wp-block-image size-large\"><img loading=\"lazy\" decoding=\"async\" width=\"1024\" height=\"683\" data-id=\"3365\" src=\"https:\/\/eatlocalnb.ca\/wp-content\/uploads\/2026\/02\/Z0A0079-1024x683.jpg\" alt=\"\" class=\"wp-image-3365\" srcset=\"https:\/\/eatlocalnb.ca\/wp-content\/uploads\/2026\/02\/Z0A0079-1024x683.jpg 1024w, https:\/\/eatlocalnb.ca\/wp-content\/uploads\/2026\/02\/Z0A0079-300x200.jpg 300w, https:\/\/eatlocalnb.ca\/wp-content\/uploads\/2026\/02\/Z0A0079-768x512.jpg 768w, https:\/\/eatlocalnb.ca\/wp-content\/uploads\/2026\/02\/Z0A0079-391x260.jpg 391w, https:\/\/eatlocalnb.ca\/wp-content\/uploads\/2026\/02\/Z0A0079-1536x1024.jpg 1536w, https:\/\/eatlocalnb.ca\/wp-content\/uploads\/2026\/02\/Z0A0079-1440x960.jpg 1440w, https:\/\/eatlocalnb.ca\/wp-content\/uploads\/2026\/02\/Z0A0079-150x100.jpg 150w, https:\/\/eatlocalnb.ca\/wp-content\/uploads\/2026\/02\/Z0A0079.jpg 1710w\" sizes=\"auto, (max-width: 1024px) 100vw, 1024px\" \/><\/figure>\n\n\n\n<figure class=\"wp-block-image size-large\"><img loading=\"lazy\" decoding=\"async\" width=\"1024\" height=\"683\" data-id=\"3361\" src=\"https:\/\/eatlocalnb.ca\/wp-content\/uploads\/2026\/02\/Z0A0105-1024x683.jpg\" alt=\"\" class=\"wp-image-3361\" srcset=\"https:\/\/eatlocalnb.ca\/wp-content\/uploads\/2026\/02\/Z0A0105-1024x683.jpg 1024w, https:\/\/eatlocalnb.ca\/wp-content\/uploads\/2026\/02\/Z0A0105-300x200.jpg 300w, https:\/\/eatlocalnb.ca\/wp-content\/uploads\/2026\/02\/Z0A0105-768x512.jpg 768w, https:\/\/eatlocalnb.ca\/wp-content\/uploads\/2026\/02\/Z0A0105-391x260.jpg 391w, https:\/\/eatlocalnb.ca\/wp-content\/uploads\/2026\/02\/Z0A0105-1536x1025.jpg 1536w, https:\/\/eatlocalnb.ca\/wp-content\/uploads\/2026\/02\/Z0A0105-1440x961.jpg 1440w, https:\/\/eatlocalnb.ca\/wp-content\/uploads\/2026\/02\/Z0A0105-150x100.jpg 150w, https:\/\/eatlocalnb.ca\/wp-content\/uploads\/2026\/02\/Z0A0105.jpg 1709w\" sizes=\"auto, (max-width: 1024px) 100vw, 1024px\" \/><\/figure>\n\n\n\n<figure class=\"wp-block-image size-large\"><img loading=\"lazy\" decoding=\"async\" width=\"1024\" height=\"683\" data-id=\"3363\" src=\"https:\/\/eatlocalnb.ca\/wp-content\/uploads\/2026\/02\/Z0A0061-1024x683.jpg\" alt=\"\" class=\"wp-image-3363\" srcset=\"https:\/\/eatlocalnb.ca\/wp-content\/uploads\/2026\/02\/Z0A0061-1024x683.jpg 1024w, https:\/\/eatlocalnb.ca\/wp-content\/uploads\/2026\/02\/Z0A0061-300x200.jpg 300w, https:\/\/eatlocalnb.ca\/wp-content\/uploads\/2026\/02\/Z0A0061-768x512.jpg 768w, https:\/\/eatlocalnb.ca\/wp-content\/uploads\/2026\/02\/Z0A0061-391x260.jpg 391w, https:\/\/eatlocalnb.ca\/wp-content\/uploads\/2026\/02\/Z0A0061-1536x1025.jpg 1536w, https:\/\/eatlocalnb.ca\/wp-content\/uploads\/2026\/02\/Z0A0061-1440x961.jpg 1440w, https:\/\/eatlocalnb.ca\/wp-content\/uploads\/2026\/02\/Z0A0061-150x100.jpg 150w, https:\/\/eatlocalnb.ca\/wp-content\/uploads\/2026\/02\/Z0A0061.jpg 1709w\" sizes=\"auto, (max-width: 1024px) 100vw, 1024px\" \/><\/figure>\n<\/figure>\n\n\n\n<p><\/p>\n\n\n\n<h2 class=\"wp-block-heading has-large-font-size\"><strong>Ce qui rend les produits de la mer du Nouveau-Brunswick exceptionnels<\/strong><\/h2>\n\n\n\n<p><strong>Eaux froides et propres de l\u2019Atlantique<\/strong><br>Les fortes mar\u00e9es et les baies riches en nutriments produisent des produits de la mer r\u00e9put\u00e9s pour leur saveur pure et texture ferme.<\/p>\n\n\n\n<p><strong>\u00c9lev\u00e9s et r\u00e9colt\u00e9s avec soin<\/strong><br>Les crustac\u00e9s et produits de la mer sont \u00e9lev\u00e9s et r\u00e9colt\u00e9s dans le respect des normes les plus strictes au monde en mati\u00e8re de salubrit\u00e9 des aliments et de durabilit\u00e9, notamment le Programme canadien de contr\u00f4le de la salubrit\u00e9 des mollusques (PCCSM).<\/p>\n\n\n\n<p><strong>Des produits pr\u00e8s de chez vous<\/strong><br>Le temps qui s\u2019\u00e9coule entre le bateau de p\u00eache et la table permet de maintenir la fra\u00eecheur des aliments et de r\u00e9duire leur distance de transport.<\/p>\n\n\n\n<p><strong>Des produits ancr\u00e9s dans la collectivit\u00e9<\/strong><br>Chaque achat soutient les p\u00eacheurs, les producteurs, les transformateurs et les familles c\u00f4ti\u00e8res du Nouveau-Brunswick.<\/p>\n\n\n\n<h3 class=\"wp-block-heading\"><a><\/a><strong>Choisir des produits de la mer du Nouveau-Brunswick dans les endroits suivants&nbsp;:<\/strong><\/h3>\n\n\n\n<ul class=\"wp-block-list\">\n<li>March\u00e9s de produits de la mer<\/li>\n\n\n\n<li>March\u00e9s fermiers<\/li>\n\n\n\n<li>\u00c9piceries<\/li>\n\n\n\n<li>Restaurants<\/li>\n\n\n\n<li>\u00c9piceries sp\u00e9cialis\u00e9es<\/li>\n<\/ul>\n\n\n\n<p>Pour obtenir une liste des marques n\u00e9o-brunswickoises pr\u00e9sentes dans les \u00e9piceries, <a href=\"https:\/\/eatlocalnb.ca\/fr\/epicerie-marques\/#produits-de-la-mer\">cliquez ici<\/a>! <br><br><strong>Les produits de la mer du N.-B. En toute saison. Sur toutes les tables.<\/strong> <strong>#Achetezlocalpourdebon<\/strong><\/p>\n\n\n\n<p><a id=\"_msocom_1\"><\/a><\/p>\n\n\n\n<figure class=\"wp-block-embed is-type-video is-provider-youtube wp-block-embed-youtube wp-embed-aspect-16-9 wp-has-aspect-ratio\"><div class=\"wp-block-embed__wrapper\">\n<iframe title=\"L&#039;ostr\u00e9iculture \u00e0 l&#039;ann\u00e9e longue au Nouveau-Brunswick \u2744\ufe0fL&#039;hiver sur l&#039;eau\" width=\"900\" height=\"506\" src=\"https:\/\/www.youtube.com\/embed\/CCXOUesYdRA?feature=oembed\" frameborder=\"0\" allow=\"accelerometer; autoplay; clipboard-write; encrypted-media; gyroscope; picture-in-picture; web-share\" referrerpolicy=\"strict-origin-when-cross-origin\" allowfullscreen><\/iframe>\n<\/div><\/figure>\n\n\n\n<p><\/p>\n","protected":false},"excerpt":{"rendered":"<p>Les produits de la mer font partie du quotidien au Nouveau-Brunswick. R\u00e9colt\u00e9s dans les eaux froides de l\u2019Atlantique, ils s\u2019invitent sur les tables de cuisine de la province autour desquelles les gens partagent un bon repas. Des hu\u00eetres sur glace. Une chaudr\u00e9e \u00e0 l\u2019aiglefin. Des gu\u00e9dilles servies au chalet. Des p\u00e9toncles saisis rapidement \u00e0 la [&hellip;]<\/p>\n","protected":false},"author":4,"featured_media":3353,"parent":0,"menu_order":0,"comment_status":"closed","ping_status":"closed","template":"","meta":{"_acf_changed":false,"wprm-recipe-roundup-name":"","wprm-recipe-roundup-description":"","footnotes":""},"class_list":["post-3381","page","type-page","status-publish","has-post-thumbnail","hentry"],"acf":[],"yoast_head":"<!-- This site is optimized with the Yoast SEO plugin v26.6 - https:\/\/yoast.com\/wordpress\/plugins\/seo\/ -->\n<title>Produits de la mer du N.-B. &#8211; EatLocalNB<\/title>\n<meta name=\"description\" content=\"Around here, eating well means eating local. Our chefs, growers and artisanal producers express our unique terroir and culture in deliciously distinctive food and drinks. From our farmers\u2019 markets and roadside stands to award-winning restaurants, get a taste of New Brunswick.\" \/>\n<meta name=\"robots\" content=\"index, follow, max-snippet:-1, max-image-preview:large, max-video-preview:-1\" \/>\n<link rel=\"canonical\" href=\"https:\/\/eatlocalnb.ca\/fr\/produits-de-la-mer\/\" \/>\n<meta property=\"og:locale\" content=\"fr_FR\" \/>\n<meta property=\"og:type\" content=\"article\" \/>\n<meta property=\"og:title\" content=\"Produits de la mer du N.-B. &#8211; EatLocalNB\" \/>\n<meta property=\"og:description\" content=\"Around here, eating well means eating local. Our chefs, growers and artisanal producers express our unique terroir and culture in deliciously distinctive food and drinks. From our farmers\u2019 markets and roadside stands to award-winning restaurants, get a taste of New Brunswick.\" \/>\n<meta property=\"og:url\" content=\"https:\/\/eatlocalnb.ca\/fr\/produits-de-la-mer\/\" \/>\n<meta property=\"og:site_name\" content=\"EatLocalNB\" \/>\n<meta property=\"article:publisher\" content=\"https:\/\/www.facebook.com\/nbfoodandbeverages\" \/>\n<meta property=\"article:modified_time\" content=\"2026-02-12T21:21:18+00:00\" \/>\n<meta property=\"og:image\" content=\"https:\/\/eatlocalnb.ca\/wp-content\/uploads\/2026\/02\/Z0A2046.jpg\" \/>\n\t<meta property=\"og:image:width\" content=\"1709\" \/>\n\t<meta property=\"og:image:height\" content=\"1140\" \/>\n\t<meta property=\"og:image:type\" content=\"image\/jpeg\" \/>\n<meta name=\"twitter:card\" content=\"summary_large_image\" \/>\n<meta name=\"twitter:site\" content=\"@NBFoodandBev\" \/>\n<meta name=\"twitter:label1\" content=\"Dur\u00e9e de lecture estim\u00e9e\" \/>\n\t<meta name=\"twitter:data1\" content=\"4 minutes\" \/>\n<script type=\"application\/ld+json\" class=\"yoast-schema-graph\">{\"@context\":\"https:\/\/schema.org\",\"@graph\":[{\"@type\":\"WebPage\",\"@id\":\"https:\/\/eatlocalnb.ca\/fr\/produits-de-la-mer\/\",\"url\":\"https:\/\/eatlocalnb.ca\/fr\/produits-de-la-mer\/\",\"name\":\"Produits de la mer du N.-B. &#8211; EatLocalNB\",\"isPartOf\":{\"@id\":\"https:\/\/eatlocalnb.ca\/#website\"},\"primaryImageOfPage\":{\"@id\":\"https:\/\/eatlocalnb.ca\/fr\/produits-de-la-mer\/#primaryimage\"},\"image\":{\"@id\":\"https:\/\/eatlocalnb.ca\/fr\/produits-de-la-mer\/#primaryimage\"},\"thumbnailUrl\":\"https:\/\/eatlocalnb.ca\/wp-content\/uploads\/2026\/02\/Z0A2046.jpg\",\"datePublished\":\"2026-02-09T20:29:20+00:00\",\"dateModified\":\"2026-02-12T21:21:18+00:00\",\"description\":\"Around here, eating well means eating local. Our chefs, growers and artisanal producers express our unique terroir and culture in deliciously distinctive food and drinks. From our farmers\u2019 markets and roadside stands to award-winning restaurants, get a taste of New Brunswick.\",\"breadcrumb\":{\"@id\":\"https:\/\/eatlocalnb.ca\/fr\/produits-de-la-mer\/#breadcrumb\"},\"inLanguage\":\"fr-FR\",\"potentialAction\":[{\"@type\":\"ReadAction\",\"target\":[\"https:\/\/eatlocalnb.ca\/fr\/produits-de-la-mer\/\"]}]},{\"@type\":\"ImageObject\",\"inLanguage\":\"fr-FR\",\"@id\":\"https:\/\/eatlocalnb.ca\/fr\/produits-de-la-mer\/#primaryimage\",\"url\":\"https:\/\/eatlocalnb.ca\/wp-content\/uploads\/2026\/02\/Z0A2046.jpg\",\"contentUrl\":\"https:\/\/eatlocalnb.ca\/wp-content\/uploads\/2026\/02\/Z0A2046.jpg\",\"width\":1709,\"height\":1140},{\"@type\":\"BreadcrumbList\",\"@id\":\"https:\/\/eatlocalnb.ca\/fr\/produits-de-la-mer\/#breadcrumb\",\"itemListElement\":[{\"@type\":\"ListItem\",\"position\":1,\"name\":\"Home\",\"item\":\"https:\/\/eatlocalnb.ca\/fr\/\"},{\"@type\":\"ListItem\",\"position\":2,\"name\":\"Produits de la mer du N.-B.\"}]},{\"@type\":\"WebSite\",\"@id\":\"https:\/\/eatlocalnb.ca\/#website\",\"url\":\"https:\/\/eatlocalnb.ca\/\",\"name\":\"EatLocalNB\",\"description\":\"Buy Local for Good | Achetez local pour bon\",\"publisher\":{\"@id\":\"https:\/\/eatlocalnb.ca\/#organization\"},\"potentialAction\":[{\"@type\":\"SearchAction\",\"target\":{\"@type\":\"EntryPoint\",\"urlTemplate\":\"https:\/\/eatlocalnb.ca\/?s={search_term_string}\"},\"query-input\":{\"@type\":\"PropertyValueSpecification\",\"valueRequired\":true,\"valueName\":\"search_term_string\"}}],\"inLanguage\":\"fr-FR\"},{\"@type\":\"Organization\",\"@id\":\"https:\/\/eatlocalnb.ca\/#organization\",\"name\":\"Eat Local NB\",\"url\":\"https:\/\/eatlocalnb.ca\/\",\"logo\":{\"@type\":\"ImageObject\",\"inLanguage\":\"fr-FR\",\"@id\":\"https:\/\/eatlocalnb.ca\/#\/schema\/logo\/image\/\",\"url\":\"https:\/\/eatlocalnb.ca\/wp-content\/uploads\/2022\/05\/logo.png\",\"contentUrl\":\"https:\/\/eatlocalnb.ca\/wp-content\/uploads\/2022\/05\/logo.png\",\"width\":1300,\"height\":499,\"caption\":\"Eat Local NB\"},\"image\":{\"@id\":\"https:\/\/eatlocalnb.ca\/#\/schema\/logo\/image\/\"},\"sameAs\":[\"https:\/\/www.facebook.com\/nbfoodandbeverages\",\"https:\/\/x.com\/NBFoodandBev\",\"https:\/\/www.instagram.com\/nbfoodandbeverages\/\",\"https:\/\/www.youtube.com\/channel\/UCM_LKYNluG6jYeTd4fWIEwg\/videos\",\"https:\/\/www.linkedin.com\/company\/nbfoodandbeverages\"]}]}<\/script>\n<!-- \/ Yoast SEO plugin. -->","yoast_head_json":{"title":"Produits de la mer du N.-B. &#8211; EatLocalNB","description":"Around here, eating well means eating local. Our chefs, growers and artisanal producers express our unique terroir and culture in deliciously distinctive food and drinks. From our farmers\u2019 markets and roadside stands to award-winning restaurants, get a taste of New Brunswick.","robots":{"index":"index","follow":"follow","max-snippet":"max-snippet:-1","max-image-preview":"max-image-preview:large","max-video-preview":"max-video-preview:-1"},"canonical":"https:\/\/eatlocalnb.ca\/fr\/produits-de-la-mer\/","og_locale":"fr_FR","og_type":"article","og_title":"Produits de la mer du N.-B. &#8211; EatLocalNB","og_description":"Around here, eating well means eating local. Our chefs, growers and artisanal producers express our unique terroir and culture in deliciously distinctive food and drinks. From our farmers\u2019 markets and roadside stands to award-winning restaurants, get a taste of New Brunswick.","og_url":"https:\/\/eatlocalnb.ca\/fr\/produits-de-la-mer\/","og_site_name":"EatLocalNB","article_publisher":"https:\/\/www.facebook.com\/nbfoodandbeverages","article_modified_time":"2026-02-12T21:21:18+00:00","og_image":[{"width":1709,"height":1140,"url":"https:\/\/eatlocalnb.ca\/wp-content\/uploads\/2026\/02\/Z0A2046.jpg","type":"image\/jpeg"}],"twitter_card":"summary_large_image","twitter_site":"@NBFoodandBev","twitter_misc":{"Dur\u00e9e de lecture estim\u00e9e":"4 minutes"},"schema":{"@context":"https:\/\/schema.org","@graph":[{"@type":"WebPage","@id":"https:\/\/eatlocalnb.ca\/fr\/produits-de-la-mer\/","url":"https:\/\/eatlocalnb.ca\/fr\/produits-de-la-mer\/","name":"Produits de la mer du N.-B. &#8211; EatLocalNB","isPartOf":{"@id":"https:\/\/eatlocalnb.ca\/#website"},"primaryImageOfPage":{"@id":"https:\/\/eatlocalnb.ca\/fr\/produits-de-la-mer\/#primaryimage"},"image":{"@id":"https:\/\/eatlocalnb.ca\/fr\/produits-de-la-mer\/#primaryimage"},"thumbnailUrl":"https:\/\/eatlocalnb.ca\/wp-content\/uploads\/2026\/02\/Z0A2046.jpg","datePublished":"2026-02-09T20:29:20+00:00","dateModified":"2026-02-12T21:21:18+00:00","description":"Around here, eating well means eating local. Our chefs, growers and artisanal producers express our unique terroir and culture in deliciously distinctive food and drinks. From our farmers\u2019 markets and roadside stands to award-winning restaurants, get a taste of New Brunswick.","breadcrumb":{"@id":"https:\/\/eatlocalnb.ca\/fr\/produits-de-la-mer\/#breadcrumb"},"inLanguage":"fr-FR","potentialAction":[{"@type":"ReadAction","target":["https:\/\/eatlocalnb.ca\/fr\/produits-de-la-mer\/"]}]},{"@type":"ImageObject","inLanguage":"fr-FR","@id":"https:\/\/eatlocalnb.ca\/fr\/produits-de-la-mer\/#primaryimage","url":"https:\/\/eatlocalnb.ca\/wp-content\/uploads\/2026\/02\/Z0A2046.jpg","contentUrl":"https:\/\/eatlocalnb.ca\/wp-content\/uploads\/2026\/02\/Z0A2046.jpg","width":1709,"height":1140},{"@type":"BreadcrumbList","@id":"https:\/\/eatlocalnb.ca\/fr\/produits-de-la-mer\/#breadcrumb","itemListElement":[{"@type":"ListItem","position":1,"name":"Home","item":"https:\/\/eatlocalnb.ca\/fr\/"},{"@type":"ListItem","position":2,"name":"Produits de la mer du N.-B."}]},{"@type":"WebSite","@id":"https:\/\/eatlocalnb.ca\/#website","url":"https:\/\/eatlocalnb.ca\/","name":"EatLocalNB","description":"Buy Local for Good | Achetez local pour bon","publisher":{"@id":"https:\/\/eatlocalnb.ca\/#organization"},"potentialAction":[{"@type":"SearchAction","target":{"@type":"EntryPoint","urlTemplate":"https:\/\/eatlocalnb.ca\/?s={search_term_string}"},"query-input":{"@type":"PropertyValueSpecification","valueRequired":true,"valueName":"search_term_string"}}],"inLanguage":"fr-FR"},{"@type":"Organization","@id":"https:\/\/eatlocalnb.ca\/#organization","name":"Eat Local NB","url":"https:\/\/eatlocalnb.ca\/","logo":{"@type":"ImageObject","inLanguage":"fr-FR","@id":"https:\/\/eatlocalnb.ca\/#\/schema\/logo\/image\/","url":"https:\/\/eatlocalnb.ca\/wp-content\/uploads\/2022\/05\/logo.png","contentUrl":"https:\/\/eatlocalnb.ca\/wp-content\/uploads\/2022\/05\/logo.png","width":1300,"height":499,"caption":"Eat Local NB"},"image":{"@id":"https:\/\/eatlocalnb.ca\/#\/schema\/logo\/image\/"},"sameAs":["https:\/\/www.facebook.com\/nbfoodandbeverages","https:\/\/x.com\/NBFoodandBev","https:\/\/www.instagram.com\/nbfoodandbeverages\/","https:\/\/www.youtube.com\/channel\/UCM_LKYNluG6jYeTd4fWIEwg\/videos","https:\/\/www.linkedin.com\/company\/nbfoodandbeverages"]}]}},"_links":{"self":[{"href":"https:\/\/eatlocalnb.ca\/fr\/wp-json\/wp\/v2\/pages\/3381","targetHints":{"allow":["GET"]}}],"collection":[{"href":"https:\/\/eatlocalnb.ca\/fr\/wp-json\/wp\/v2\/pages"}],"about":[{"href":"https:\/\/eatlocalnb.ca\/fr\/wp-json\/wp\/v2\/types\/page"}],"author":[{"embeddable":true,"href":"https:\/\/eatlocalnb.ca\/fr\/wp-json\/wp\/v2\/users\/4"}],"replies":[{"embeddable":true,"href":"https:\/\/eatlocalnb.ca\/fr\/wp-json\/wp\/v2\/comments?post=3381"}],"version-history":[{"count":5,"href":"https:\/\/eatlocalnb.ca\/fr\/wp-json\/wp\/v2\/pages\/3381\/revisions"}],"predecessor-version":[{"id":3415,"href":"https:\/\/eatlocalnb.ca\/fr\/wp-json\/wp\/v2\/pages\/3381\/revisions\/3415"}],"wp:featuredmedia":[{"embeddable":true,"href":"https:\/\/eatlocalnb.ca\/fr\/wp-json\/wp\/v2\/media\/3353"}],"wp:attachment":[{"href":"https:\/\/eatlocalnb.ca\/fr\/wp-json\/wp\/v2\/media?parent=3381"}],"curies":[{"name":"wp","href":"https:\/\/api.w.org\/{rel}","templated":true}]}}