{"id":647,"date":"2022-06-01T11:33:30","date_gmt":"2022-06-01T11:33:30","guid":{"rendered":"https:\/\/eatlocalnb.ca\/?page_id=647"},"modified":"2022-06-07T11:25:41","modified_gmt":"2022-06-07T11:25:41","slug":"ways-to-buy-direct-fr","status":"publish","type":"page","link":"https:\/\/eatlocalnb.ca\/fr\/ways-to-buy-direct-fr\/","title":{"rendered":"Possibilit\u00e9s d\u2019achat direct"},"content":{"rendered":"\n<p>Achetez des produits locaux\u00a0:<\/p>\n\n\n\n<ul class=\"wp-block-list\"><li>\u00c0 la ferme<\/li><li>Dans les march\u00e9s des fermiers et poissonneries<\/li><li>Gr\u00e2ce aux paniers d\u2019Agriculture soutenue par la communaut\u00e9 (ASC)<\/li><li>Sur les quais<\/li><li>Dans les \u00e9piceries sp\u00e9cialis\u00e9es<\/li><li>Dans les brasseries et les salles de d\u00e9gustation<\/li><li>Dans les magasins et les points de vente de boissons et d\u2019alcools<\/li><\/ul>\n","protected":false},"excerpt":{"rendered":"<p>Achetez des produits locaux\u00a0: \u00c0 la ferme Dans les march\u00e9s des fermiers et poissonneries Gr\u00e2ce aux paniers d\u2019Agriculture soutenue par la communaut\u00e9 (ASC) Sur les quais Dans les \u00e9piceries sp\u00e9cialis\u00e9es Dans les brasseries et les salles de d\u00e9gustation Dans les magasins et les points de vente de boissons et d\u2019alcools<\/p>\n","protected":false},"author":2,"featured_media":195,"parent":0,"menu_order":0,"comment_status":"closed","ping_status":"closed","template":"","meta":{"_acf_changed":false,"wprm-recipe-roundup-name":"","wprm-recipe-roundup-description":"","footnotes":""},"class_list":["post-647","page","type-page","status-publish","has-post-thumbnail","hentry"],"acf":[],"yoast_head":"<!-- This site is optimized with the Yoast SEO plugin v26.6 - https:\/\/yoast.com\/wordpress\/plugins\/seo\/ -->\n<title>Possibilit\u00e9s d\u2019achat direct &#8211; EatLocalNB<\/title>\n<meta name=\"description\" content=\"Around here, eating well means eating local. Our chefs, growers and artisanal producers express our unique terroir and culture in deliciously distinctive food and drinks. From our farmers\u2019 markets and roadside stands to award-winning restaurants, get a taste of New Brunswick.\" \/>\n<meta name=\"robots\" content=\"index, follow, max-snippet:-1, max-image-preview:large, max-video-preview:-1\" \/>\n<link rel=\"canonical\" href=\"https:\/\/eatlocalnb.ca\/fr\/ways-to-buy-direct-fr\/\" \/>\n<meta property=\"og:locale\" content=\"fr_FR\" \/>\n<meta property=\"og:type\" content=\"article\" \/>\n<meta property=\"og:title\" content=\"Possibilit\u00e9s d\u2019achat direct &#8211; EatLocalNB\" \/>\n<meta property=\"og:description\" content=\"Around here, eating well means eating local. Our chefs, growers and artisanal producers express our unique terroir and culture in deliciously distinctive food and drinks. From our farmers\u2019 markets and roadside stands to award-winning restaurants, get a taste of New Brunswick.\" \/>\n<meta property=\"og:url\" content=\"https:\/\/eatlocalnb.ca\/fr\/ways-to-buy-direct-fr\/\" \/>\n<meta property=\"og:site_name\" content=\"EatLocalNB\" \/>\n<meta property=\"article:publisher\" content=\"https:\/\/www.facebook.com\/nbfoodandbeverages\" \/>\n<meta property=\"article:modified_time\" content=\"2022-06-07T11:25:41+00:00\" \/>\n<meta property=\"og:image\" content=\"https:\/\/eatlocalnb.ca\/wp-content\/uploads\/2022\/05\/img-1.jpg\" \/>\n\t<meta property=\"og:image:width\" content=\"423\" \/>\n\t<meta property=\"og:image:height\" content=\"317\" \/>\n\t<meta property=\"og:image:type\" content=\"image\/jpeg\" \/>\n<meta name=\"twitter:card\" content=\"summary_large_image\" \/>\n<meta name=\"twitter:site\" content=\"@NBFoodandBev\" \/>\n<script type=\"application\/ld+json\" class=\"yoast-schema-graph\">{\"@context\":\"https:\/\/schema.org\",\"@graph\":[{\"@type\":\"WebPage\",\"@id\":\"https:\/\/eatlocalnb.ca\/fr\/ways-to-buy-direct-fr\/\",\"url\":\"https:\/\/eatlocalnb.ca\/fr\/ways-to-buy-direct-fr\/\",\"name\":\"Possibilit\u00e9s d\u2019achat direct &#8211; EatLocalNB\",\"isPartOf\":{\"@id\":\"https:\/\/eatlocalnb.ca\/#website\"},\"primaryImageOfPage\":{\"@id\":\"https:\/\/eatlocalnb.ca\/fr\/ways-to-buy-direct-fr\/#primaryimage\"},\"image\":{\"@id\":\"https:\/\/eatlocalnb.ca\/fr\/ways-to-buy-direct-fr\/#primaryimage\"},\"thumbnailUrl\":\"https:\/\/eatlocalnb.ca\/wp-content\/uploads\/2022\/05\/img-1.jpg\",\"datePublished\":\"2022-06-01T11:33:30+00:00\",\"dateModified\":\"2022-06-07T11:25:41+00:00\",\"description\":\"Around here, eating well means eating local. Our chefs, growers and artisanal producers express our unique terroir and culture in deliciously distinctive food and drinks. From our farmers\u2019 markets and roadside stands to award-winning restaurants, get a taste of New Brunswick.\",\"breadcrumb\":{\"@id\":\"https:\/\/eatlocalnb.ca\/fr\/ways-to-buy-direct-fr\/#breadcrumb\"},\"inLanguage\":\"fr-FR\",\"potentialAction\":[{\"@type\":\"ReadAction\",\"target\":[\"https:\/\/eatlocalnb.ca\/fr\/ways-to-buy-direct-fr\/\"]}]},{\"@type\":\"ImageObject\",\"inLanguage\":\"fr-FR\",\"@id\":\"https:\/\/eatlocalnb.ca\/fr\/ways-to-buy-direct-fr\/#primaryimage\",\"url\":\"https:\/\/eatlocalnb.ca\/wp-content\/uploads\/2022\/05\/img-1.jpg\",\"contentUrl\":\"https:\/\/eatlocalnb.ca\/wp-content\/uploads\/2022\/05\/img-1.jpg\",\"width\":423,\"height\":317,\"caption\":\"View of fresh produce on display at a farmers' market, primarily carrots.\"},{\"@type\":\"BreadcrumbList\",\"@id\":\"https:\/\/eatlocalnb.ca\/fr\/ways-to-buy-direct-fr\/#breadcrumb\",\"itemListElement\":[{\"@type\":\"ListItem\",\"position\":1,\"name\":\"Home\",\"item\":\"https:\/\/eatlocalnb.ca\/fr\/\"},{\"@type\":\"ListItem\",\"position\":2,\"name\":\"Possibilit\u00e9s d\u2019achat direct\"}]},{\"@type\":\"WebSite\",\"@id\":\"https:\/\/eatlocalnb.ca\/#website\",\"url\":\"https:\/\/eatlocalnb.ca\/\",\"name\":\"EatLocalNB\",\"description\":\"Buy Local for Good | Achetez local pour bon\",\"publisher\":{\"@id\":\"https:\/\/eatlocalnb.ca\/#organization\"},\"potentialAction\":[{\"@type\":\"SearchAction\",\"target\":{\"@type\":\"EntryPoint\",\"urlTemplate\":\"https:\/\/eatlocalnb.ca\/?s={search_term_string}\"},\"query-input\":{\"@type\":\"PropertyValueSpecification\",\"valueRequired\":true,\"valueName\":\"search_term_string\"}}],\"inLanguage\":\"fr-FR\"},{\"@type\":\"Organization\",\"@id\":\"https:\/\/eatlocalnb.ca\/#organization\",\"name\":\"Eat Local NB\",\"url\":\"https:\/\/eatlocalnb.ca\/\",\"logo\":{\"@type\":\"ImageObject\",\"inLanguage\":\"fr-FR\",\"@id\":\"https:\/\/eatlocalnb.ca\/#\/schema\/logo\/image\/\",\"url\":\"https:\/\/eatlocalnb.ca\/wp-content\/uploads\/2022\/05\/logo.png\",\"contentUrl\":\"https:\/\/eatlocalnb.ca\/wp-content\/uploads\/2022\/05\/logo.png\",\"width\":1300,\"height\":499,\"caption\":\"Eat Local NB\"},\"image\":{\"@id\":\"https:\/\/eatlocalnb.ca\/#\/schema\/logo\/image\/\"},\"sameAs\":[\"https:\/\/www.facebook.com\/nbfoodandbeverages\",\"https:\/\/x.com\/NBFoodandBev\",\"https:\/\/www.instagram.com\/nbfoodandbeverages\/\",\"https:\/\/www.youtube.com\/channel\/UCM_LKYNluG6jYeTd4fWIEwg\/videos\",\"https:\/\/www.linkedin.com\/company\/nbfoodandbeverages\"]}]}<\/script>\n<!-- \/ Yoast SEO plugin. -->","yoast_head_json":{"title":"Possibilit\u00e9s d\u2019achat direct &#8211; EatLocalNB","description":"Around here, eating well means eating local. Our chefs, growers and artisanal producers express our unique terroir and culture in deliciously distinctive food and drinks. From our farmers\u2019 markets and roadside stands to award-winning restaurants, get a taste of New Brunswick.","robots":{"index":"index","follow":"follow","max-snippet":"max-snippet:-1","max-image-preview":"max-image-preview:large","max-video-preview":"max-video-preview:-1"},"canonical":"https:\/\/eatlocalnb.ca\/fr\/ways-to-buy-direct-fr\/","og_locale":"fr_FR","og_type":"article","og_title":"Possibilit\u00e9s d\u2019achat direct &#8211; EatLocalNB","og_description":"Around here, eating well means eating local. Our chefs, growers and artisanal producers express our unique terroir and culture in deliciously distinctive food and drinks. From our farmers\u2019 markets and roadside stands to award-winning restaurants, get a taste of New Brunswick.","og_url":"https:\/\/eatlocalnb.ca\/fr\/ways-to-buy-direct-fr\/","og_site_name":"EatLocalNB","article_publisher":"https:\/\/www.facebook.com\/nbfoodandbeverages","article_modified_time":"2022-06-07T11:25:41+00:00","og_image":[{"width":423,"height":317,"url":"https:\/\/eatlocalnb.ca\/wp-content\/uploads\/2022\/05\/img-1.jpg","type":"image\/jpeg"}],"twitter_card":"summary_large_image","twitter_site":"@NBFoodandBev","schema":{"@context":"https:\/\/schema.org","@graph":[{"@type":"WebPage","@id":"https:\/\/eatlocalnb.ca\/fr\/ways-to-buy-direct-fr\/","url":"https:\/\/eatlocalnb.ca\/fr\/ways-to-buy-direct-fr\/","name":"Possibilit\u00e9s d\u2019achat direct &#8211; EatLocalNB","isPartOf":{"@id":"https:\/\/eatlocalnb.ca\/#website"},"primaryImageOfPage":{"@id":"https:\/\/eatlocalnb.ca\/fr\/ways-to-buy-direct-fr\/#primaryimage"},"image":{"@id":"https:\/\/eatlocalnb.ca\/fr\/ways-to-buy-direct-fr\/#primaryimage"},"thumbnailUrl":"https:\/\/eatlocalnb.ca\/wp-content\/uploads\/2022\/05\/img-1.jpg","datePublished":"2022-06-01T11:33:30+00:00","dateModified":"2022-06-07T11:25:41+00:00","description":"Around here, eating well means eating local. Our chefs, growers and artisanal producers express our unique terroir and culture in deliciously distinctive food and drinks. From our farmers\u2019 markets and roadside stands to award-winning restaurants, get a taste of New Brunswick.","breadcrumb":{"@id":"https:\/\/eatlocalnb.ca\/fr\/ways-to-buy-direct-fr\/#breadcrumb"},"inLanguage":"fr-FR","potentialAction":[{"@type":"ReadAction","target":["https:\/\/eatlocalnb.ca\/fr\/ways-to-buy-direct-fr\/"]}]},{"@type":"ImageObject","inLanguage":"fr-FR","@id":"https:\/\/eatlocalnb.ca\/fr\/ways-to-buy-direct-fr\/#primaryimage","url":"https:\/\/eatlocalnb.ca\/wp-content\/uploads\/2022\/05\/img-1.jpg","contentUrl":"https:\/\/eatlocalnb.ca\/wp-content\/uploads\/2022\/05\/img-1.jpg","width":423,"height":317,"caption":"View of fresh produce on display at a farmers' market, primarily carrots."},{"@type":"BreadcrumbList","@id":"https:\/\/eatlocalnb.ca\/fr\/ways-to-buy-direct-fr\/#breadcrumb","itemListElement":[{"@type":"ListItem","position":1,"name":"Home","item":"https:\/\/eatlocalnb.ca\/fr\/"},{"@type":"ListItem","position":2,"name":"Possibilit\u00e9s d\u2019achat direct"}]},{"@type":"WebSite","@id":"https:\/\/eatlocalnb.ca\/#website","url":"https:\/\/eatlocalnb.ca\/","name":"EatLocalNB","description":"Buy Local for Good | Achetez local pour bon","publisher":{"@id":"https:\/\/eatlocalnb.ca\/#organization"},"potentialAction":[{"@type":"SearchAction","target":{"@type":"EntryPoint","urlTemplate":"https:\/\/eatlocalnb.ca\/?s={search_term_string}"},"query-input":{"@type":"PropertyValueSpecification","valueRequired":true,"valueName":"search_term_string"}}],"inLanguage":"fr-FR"},{"@type":"Organization","@id":"https:\/\/eatlocalnb.ca\/#organization","name":"Eat Local NB","url":"https:\/\/eatlocalnb.ca\/","logo":{"@type":"ImageObject","inLanguage":"fr-FR","@id":"https:\/\/eatlocalnb.ca\/#\/schema\/logo\/image\/","url":"https:\/\/eatlocalnb.ca\/wp-content\/uploads\/2022\/05\/logo.png","contentUrl":"https:\/\/eatlocalnb.ca\/wp-content\/uploads\/2022\/05\/logo.png","width":1300,"height":499,"caption":"Eat Local NB"},"image":{"@id":"https:\/\/eatlocalnb.ca\/#\/schema\/logo\/image\/"},"sameAs":["https:\/\/www.facebook.com\/nbfoodandbeverages","https:\/\/x.com\/NBFoodandBev","https:\/\/www.instagram.com\/nbfoodandbeverages\/","https:\/\/www.youtube.com\/channel\/UCM_LKYNluG6jYeTd4fWIEwg\/videos","https:\/\/www.linkedin.com\/company\/nbfoodandbeverages"]}]}},"_links":{"self":[{"href":"https:\/\/eatlocalnb.ca\/fr\/wp-json\/wp\/v2\/pages\/647","targetHints":{"allow":["GET"]}}],"collection":[{"href":"https:\/\/eatlocalnb.ca\/fr\/wp-json\/wp\/v2\/pages"}],"about":[{"href":"https:\/\/eatlocalnb.ca\/fr\/wp-json\/wp\/v2\/types\/page"}],"author":[{"embeddable":true,"href":"https:\/\/eatlocalnb.ca\/fr\/wp-json\/wp\/v2\/users\/2"}],"replies":[{"embeddable":true,"href":"https:\/\/eatlocalnb.ca\/fr\/wp-json\/wp\/v2\/comments?post=647"}],"version-history":[{"count":4,"href":"https:\/\/eatlocalnb.ca\/fr\/wp-json\/wp\/v2\/pages\/647\/revisions"}],"predecessor-version":[{"id":797,"href":"https:\/\/eatlocalnb.ca\/fr\/wp-json\/wp\/v2\/pages\/647\/revisions\/797"}],"wp:featuredmedia":[{"embeddable":true,"href":"https:\/\/eatlocalnb.ca\/fr\/wp-json\/wp\/v2\/media\/195"}],"wp:attachment":[{"href":"https:\/\/eatlocalnb.ca\/fr\/wp-json\/wp\/v2\/media?parent=647"}],"curies":[{"name":"wp","href":"https:\/\/api.w.org\/{rel}","templated":true}]}}